{"id":42517,"date":"2022-05-11T12:18:46","date_gmt":"2022-05-11T10:18:46","guid":{"rendered":"https:\/\/elamyssuomi.com\/?page_id=42517"},"modified":"2022-10-18T08:25:05","modified_gmt":"2022-10-18T06:25:05","slug":"how-it-works","status":"publish","type":"page","link":"https:\/\/elamyssuomi.com\/en\/how-it-works\/","title":{"rendered":"How it works"},"content":{"rendered":"<div id=\"cs-content\" class=\"cs-content\"><\/div>\n","protected":false},"excerpt":{"rendered":"<p>El\u00e4mys SuomiHow it worksEl\u00e4mys SuomiN\u00e4in se toimiiEl\u00e4mys Finland \u2013 Homeland of El\u00e4mys Group El\u00e4mys Group is a new generation\u00b4s travel service provider. The core of the service is to provide the top service by the best experts in the travel industry and efficient utilization of the latest technical solutions. For clients, this is shown as a broad selection of products, &#8230; <\/p>\n<div><a href=\"https:\/\/elamyssuomi.com\/en\/how-it-works\/\" class=\"more-link\">Read More<\/a><\/div>\n","protected":false},"author":1,"featured_media":16722,"parent":0,"menu_order":0,"comment_status":"closed","ping_status":"closed","template":"template-blank-4.php","meta":{"_embed_bokun_bokun_id":0},"acf":[],"yoast_head":"<!-- This site is optimized with the Yoast SEO Premium plugin v18.4 (Yoast SEO v20.5) - https:\/\/yoast.com\/wordpress\/plugins\/seo\/ -->\n<title>How it works - El\u00e4mys Suomi<\/title>\n<meta name=\"robots\" content=\"index, follow, max-snippet:-1, max-image-preview:large, max-video-preview:-1\" \/>\n<link rel=\"canonical\" href=\"https:\/\/elamyssuomi.com\/en\/how-it-works\/\" \/>\n<meta property=\"og:locale\" content=\"en_US\" \/>\n<meta property=\"og:type\" content=\"article\" \/>\n<meta property=\"og:title\" content=\"How it works\" \/>\n<meta property=\"og:description\" content=\"El\u00e4mys SuomiHow it worksEl\u00e4mys SuomiN\u00e4in se toimiiEl\u00e4mys Finland \u2013 Homeland of El\u00e4mys Group El\u00e4mys Group is a new generation\u00b4s travel service provider. The core of the service is to provide the top service by the best experts in the travel industry and efficient utilization of the latest technical solutions. For clients, this is shown as a broad selection of products, ... Read More\" \/>\n<meta property=\"og:url\" content=\"https:\/\/elamyssuomi.com\/en\/how-it-works\/\" \/>\n<meta property=\"og:site_name\" content=\"El\u00e4mys Suomi\" \/>\n<meta property=\"article:modified_time\" content=\"2022-10-18T06:25:05+00:00\" \/>\n<meta property=\"og:image\" content=\"https:\/\/elamys-group.imgix.net\/elamys-suomi\/Nayttokuva-2021-6-9-kello-14.36.13.png?auto=compressformat&ixlib=php-3.3.0&s=49df25b05342499700d0c8c47d9a090d\" \/>\n<meta name=\"twitter:card\" content=\"summary_large_image\" \/>\n<script type=\"application\/ld+json\" class=\"yoast-schema-graph\">{\"@context\":\"https:\/\/schema.org\",\"@graph\":[{\"@type\":\"WebPage\",\"@id\":\"https:\/\/elamyssuomi.com\/en\/how-it-works\/\",\"url\":\"https:\/\/elamyssuomi.com\/en\/how-it-works\/\",\"name\":\"How it works - El\u00e4mys Suomi\",\"isPartOf\":{\"@id\":\"https:\/\/elamyssuomi.com\/en\/#website\"},\"datePublished\":\"2022-05-11T10:18:46+00:00\",\"dateModified\":\"2022-10-18T06:25:05+00:00\",\"breadcrumb\":{\"@id\":\"https:\/\/elamyssuomi.com\/en\/how-it-works\/#breadcrumb\"},\"inLanguage\":\"en-US\",\"potentialAction\":[{\"@type\":\"ReadAction\",\"target\":[\"https:\/\/elamyssuomi.com\/en\/how-it-works\/\"]}]},{\"@type\":\"BreadcrumbList\",\"@id\":\"https:\/\/elamyssuomi.com\/en\/how-it-works\/#breadcrumb\",\"itemListElement\":[{\"@type\":\"ListItem\",\"position\":1,\"name\":\"Home\",\"item\":\"https:\/\/elamyssuomi.com\/en\/etusivu-englanti-2\/\"},{\"@type\":\"ListItem\",\"position\":2,\"name\":\"How it works\"}]},{\"@type\":\"WebSite\",\"@id\":\"https:\/\/elamyssuomi.com\/en\/#website\",\"url\":\"https:\/\/elamyssuomi.com\/en\/\",\"name\":\"El\u00e4mys Suomi\",\"description\":\"Tutustu, fiilistele, tuunaa ja rakenna - loma juuri sinulle.\",\"potentialAction\":[{\"@type\":\"SearchAction\",\"target\":{\"@type\":\"EntryPoint\",\"urlTemplate\":\"https:\/\/elamyssuomi.com\/en\/?s={search_term_string}\"},\"query-input\":\"required name=search_term_string\"}],\"inLanguage\":\"en-US\"}]}<\/script>\n<!-- \/ Yoast SEO Premium plugin. -->","yoast_head_json":{"title":"How it works - El\u00e4mys Suomi","robots":{"index":"index","follow":"follow","max-snippet":"max-snippet:-1","max-image-preview":"max-image-preview:large","max-video-preview":"max-video-preview:-1"},"canonical":"https:\/\/elamyssuomi.com\/en\/how-it-works\/","og_locale":"en_US","og_type":"article","og_title":"How it works","og_description":"El\u00e4mys SuomiHow it worksEl\u00e4mys SuomiN\u00e4in se toimiiEl\u00e4mys Finland \u2013 Homeland of El\u00e4mys Group El\u00e4mys Group is a new generation\u00b4s travel service provider. The core of the service is to provide the top service by the best experts in the travel industry and efficient utilization of the latest technical solutions. For clients, this is shown as a broad selection of products, ... Read More","og_url":"https:\/\/elamyssuomi.com\/en\/how-it-works\/","og_site_name":"El\u00e4mys Suomi","article_modified_time":"2022-10-18T06:25:05+00:00","og_image":[{"url":"https:\/\/elamys-group.imgix.net\/elamys-suomi\/Nayttokuva-2021-6-9-kello-14.36.13.png?auto=compressformat&ixlib=php-3.3.0&s=49df25b05342499700d0c8c47d9a090d"}],"twitter_card":"summary_large_image","schema":{"@context":"https:\/\/schema.org","@graph":[{"@type":"WebPage","@id":"https:\/\/elamyssuomi.com\/en\/how-it-works\/","url":"https:\/\/elamyssuomi.com\/en\/how-it-works\/","name":"How it works - El\u00e4mys Suomi","isPartOf":{"@id":"https:\/\/elamyssuomi.com\/en\/#website"},"datePublished":"2022-05-11T10:18:46+00:00","dateModified":"2022-10-18T06:25:05+00:00","breadcrumb":{"@id":"https:\/\/elamyssuomi.com\/en\/how-it-works\/#breadcrumb"},"inLanguage":"en-US","potentialAction":[{"@type":"ReadAction","target":["https:\/\/elamyssuomi.com\/en\/how-it-works\/"]}]},{"@type":"BreadcrumbList","@id":"https:\/\/elamyssuomi.com\/en\/how-it-works\/#breadcrumb","itemListElement":[{"@type":"ListItem","position":1,"name":"Home","item":"https:\/\/elamyssuomi.com\/en\/etusivu-englanti-2\/"},{"@type":"ListItem","position":2,"name":"How it works"}]},{"@type":"WebSite","@id":"https:\/\/elamyssuomi.com\/en\/#website","url":"https:\/\/elamyssuomi.com\/en\/","name":"El\u00e4mys Suomi","description":"Tutustu, fiilistele, tuunaa ja rakenna - loma juuri sinulle.","potentialAction":[{"@type":"SearchAction","target":{"@type":"EntryPoint","urlTemplate":"https:\/\/elamyssuomi.com\/en\/?s={search_term_string}"},"query-input":"required name=search_term_string"}],"inLanguage":"en-US"}]}},"_links":{"self":[{"href":"https:\/\/elamyssuomi.com\/en\/wp-json\/wp\/v2\/pages\/42517"}],"collection":[{"href":"https:\/\/elamyssuomi.com\/en\/wp-json\/wp\/v2\/pages"}],"about":[{"href":"https:\/\/elamyssuomi.com\/en\/wp-json\/wp\/v2\/types\/page"}],"author":[{"embeddable":true,"href":"https:\/\/elamyssuomi.com\/en\/wp-json\/wp\/v2\/users\/1"}],"replies":[{"embeddable":true,"href":"https:\/\/elamyssuomi.com\/en\/wp-json\/wp\/v2\/comments?post=42517"}],"version-history":[{"count":17,"href":"https:\/\/elamyssuomi.com\/en\/wp-json\/wp\/v2\/pages\/42517\/revisions"}],"predecessor-version":[{"id":46750,"href":"https:\/\/elamyssuomi.com\/en\/wp-json\/wp\/v2\/pages\/42517\/revisions\/46750"}],"wp:featuredmedia":[{"embeddable":true,"href":"https:\/\/elamyssuomi.com\/en\/wp-json\/wp\/v2\/media\/16722"}],"wp:attachment":[{"href":"https:\/\/elamyssuomi.com\/en\/wp-json\/wp\/v2\/media?parent=42517"}],"curies":[{"name":"wp","href":"https:\/\/api.w.org\/{rel}","templated":true}]}}