{"id":42801,"date":"2021-02-26T13:59:18","date_gmt":"2021-02-26T11:59:18","guid":{"rendered":"https:\/\/elamyssuomi.com\/reitit\/"},"modified":"2022-06-24T14:27:49","modified_gmt":"2022-06-24T12:27:49","slug":"tours","status":"publish","type":"page","link":"https:\/\/elamyssuomi.com\/en\/tours\/","title":{"rendered":"Tours"},"content":{"rendered":"<div id=\"cs-content\" class=\"cs-content\"><\/div>\n","protected":false},"excerpt":{"rendered":"","protected":false},"author":1,"featured_media":0,"parent":0,"menu_order":0,"comment_status":"closed","ping_status":"closed","template":"template-blank-4.php","meta":{"_embed_bokun_bokun_id":0},"acf":[],"yoast_head":"<!-- This site is optimized with the Yoast SEO Premium plugin v18.4 (Yoast SEO v20.5) - https:\/\/yoast.com\/wordpress\/plugins\/seo\/ -->\n<title>Tours \u2013 Finland is for you \u2013 El\u00e4mys Suomi<\/title>\n<meta name=\"description\" content=\"Finland is for you. Ready-made route suggestions that can be the basis for your own travel plan.\" \/>\n<meta name=\"robots\" content=\"index, follow, max-snippet:-1, max-image-preview:large, max-video-preview:-1\" \/>\n<link rel=\"canonical\" href=\"https:\/\/elamyssuomi.com\/en\/tours\/\" \/>\n<meta property=\"og:locale\" content=\"en_US\" \/>\n<meta property=\"og:type\" content=\"article\" \/>\n<meta property=\"og:title\" content=\"Reitit \u2013 Suomi on sinua varten \u2013 El\u00e4mys Suomi\" \/>\n<meta property=\"og:description\" content=\"Suomi on sinua varten. T\u00e4\u00e4ll\u00e4 voit rakentaa sinulle sopivan matkan ja varata majoitukset, aktiviteetit tai vaikka vuokrata auton matkallesi.\" \/>\n<meta property=\"og:url\" content=\"https:\/\/elamyssuomi.com\/en\/tours\/\" \/>\n<meta property=\"og:site_name\" content=\"El\u00e4mys Suomi\" \/>\n<meta property=\"article:modified_time\" content=\"2022-06-24T12:27:49+00:00\" \/>\n<meta property=\"og:image\" content=\"https:\/\/elamys-group.imgix.net\/sites\/4\/elamys-suomi\/Lahti_fishing_lehmonkarki_high_res_by_Julia_Kivela_HG5A6865_VisitFinland.jpg?auto=compressformat&fit=scale&h=683&ixlib=php-3.3.0&w=1024&wpsize=large&s=39964200f15ab9565e4150ed71e5b0a5\" \/>\n<meta name=\"twitter:card\" content=\"summary_large_image\" \/>\n<meta name=\"twitter:title\" content=\"Tours\" \/>\n<meta name=\"twitter:label1\" content=\"Est. reading time\" \/>\n\t<meta name=\"twitter:data1\" content=\"1 minute\" \/>\n<script type=\"application\/ld+json\" class=\"yoast-schema-graph\">{\"@context\":\"https:\/\/schema.org\",\"@graph\":[{\"@type\":\"WebPage\",\"@id\":\"https:\/\/elamyssuomi.com\/en\/tours\/\",\"url\":\"https:\/\/elamyssuomi.com\/en\/tours\/\",\"name\":\"Tours \u2013 Finland is for you \u2013 El\u00e4mys Suomi\",\"isPartOf\":{\"@id\":\"https:\/\/elamyssuomi.com\/en\/#website\"},\"datePublished\":\"2021-02-26T11:59:18+00:00\",\"dateModified\":\"2022-06-24T12:27:49+00:00\",\"description\":\"Finland is for you. Ready-made route suggestions that can be the basis for your own travel plan.\",\"breadcrumb\":{\"@id\":\"https:\/\/elamyssuomi.com\/en\/tours\/#breadcrumb\"},\"inLanguage\":\"en-US\",\"potentialAction\":[{\"@type\":\"ReadAction\",\"target\":[\"https:\/\/elamyssuomi.com\/en\/tours\/\"]}]},{\"@type\":\"BreadcrumbList\",\"@id\":\"https:\/\/elamyssuomi.com\/en\/tours\/#breadcrumb\",\"itemListElement\":[{\"@type\":\"ListItem\",\"position\":1,\"name\":\"Home\",\"item\":\"https:\/\/elamyssuomi.com\/en\/etusivu-englanti-2\/\"},{\"@type\":\"ListItem\",\"position\":2,\"name\":\"Tours\"}]},{\"@type\":\"WebSite\",\"@id\":\"https:\/\/elamyssuomi.com\/en\/#website\",\"url\":\"https:\/\/elamyssuomi.com\/en\/\",\"name\":\"El\u00e4mys Suomi\",\"description\":\"Tutustu, fiilistele, tuunaa ja rakenna - loma juuri sinulle.\",\"potentialAction\":[{\"@type\":\"SearchAction\",\"target\":{\"@type\":\"EntryPoint\",\"urlTemplate\":\"https:\/\/elamyssuomi.com\/en\/?s={search_term_string}\"},\"query-input\":\"required name=search_term_string\"}],\"inLanguage\":\"en-US\"}]}<\/script>\n<!-- \/ Yoast SEO Premium plugin. -->","yoast_head_json":{"title":"Tours \u2013 Finland is for you \u2013 El\u00e4mys Suomi","description":"Finland is for you. Ready-made route suggestions that can be the basis for your own travel plan.","robots":{"index":"index","follow":"follow","max-snippet":"max-snippet:-1","max-image-preview":"max-image-preview:large","max-video-preview":"max-video-preview:-1"},"canonical":"https:\/\/elamyssuomi.com\/en\/tours\/","og_locale":"en_US","og_type":"article","og_title":"Reitit \u2013 Suomi on sinua varten \u2013 El\u00e4mys Suomi","og_description":"Suomi on sinua varten. T\u00e4\u00e4ll\u00e4 voit rakentaa sinulle sopivan matkan ja varata majoitukset, aktiviteetit tai vaikka vuokrata auton matkallesi.","og_url":"https:\/\/elamyssuomi.com\/en\/tours\/","og_site_name":"El\u00e4mys Suomi","article_modified_time":"2022-06-24T12:27:49+00:00","og_image":[{"url":"https:\/\/elamys-group.imgix.net\/sites\/4\/elamys-suomi\/Lahti_fishing_lehmonkarki_high_res_by_Julia_Kivela_HG5A6865_VisitFinland.jpg?auto=compressformat&fit=scale&h=683&ixlib=php-3.3.0&w=1024&wpsize=large&s=39964200f15ab9565e4150ed71e5b0a5"}],"twitter_card":"summary_large_image","twitter_title":"Tours","twitter_misc":{"Est. reading time":"1 minute"},"schema":{"@context":"https:\/\/schema.org","@graph":[{"@type":"WebPage","@id":"https:\/\/elamyssuomi.com\/en\/tours\/","url":"https:\/\/elamyssuomi.com\/en\/tours\/","name":"Tours \u2013 Finland is for you \u2013 El\u00e4mys Suomi","isPartOf":{"@id":"https:\/\/elamyssuomi.com\/en\/#website"},"datePublished":"2021-02-26T11:59:18+00:00","dateModified":"2022-06-24T12:27:49+00:00","description":"Finland is for you. Ready-made route suggestions that can be the basis for your own travel plan.","breadcrumb":{"@id":"https:\/\/elamyssuomi.com\/en\/tours\/#breadcrumb"},"inLanguage":"en-US","potentialAction":[{"@type":"ReadAction","target":["https:\/\/elamyssuomi.com\/en\/tours\/"]}]},{"@type":"BreadcrumbList","@id":"https:\/\/elamyssuomi.com\/en\/tours\/#breadcrumb","itemListElement":[{"@type":"ListItem","position":1,"name":"Home","item":"https:\/\/elamyssuomi.com\/en\/etusivu-englanti-2\/"},{"@type":"ListItem","position":2,"name":"Tours"}]},{"@type":"WebSite","@id":"https:\/\/elamyssuomi.com\/en\/#website","url":"https:\/\/elamyssuomi.com\/en\/","name":"El\u00e4mys Suomi","description":"Tutustu, fiilistele, tuunaa ja rakenna - loma juuri sinulle.","potentialAction":[{"@type":"SearchAction","target":{"@type":"EntryPoint","urlTemplate":"https:\/\/elamyssuomi.com\/en\/?s={search_term_string}"},"query-input":"required name=search_term_string"}],"inLanguage":"en-US"}]}},"_links":{"self":[{"href":"https:\/\/elamyssuomi.com\/en\/wp-json\/wp\/v2\/pages\/42801"}],"collection":[{"href":"https:\/\/elamyssuomi.com\/en\/wp-json\/wp\/v2\/pages"}],"about":[{"href":"https:\/\/elamyssuomi.com\/en\/wp-json\/wp\/v2\/types\/page"}],"author":[{"embeddable":true,"href":"https:\/\/elamyssuomi.com\/en\/wp-json\/wp\/v2\/users\/1"}],"replies":[{"embeddable":true,"href":"https:\/\/elamyssuomi.com\/en\/wp-json\/wp\/v2\/comments?post=42801"}],"version-history":[{"count":4,"href":"https:\/\/elamyssuomi.com\/en\/wp-json\/wp\/v2\/pages\/42801\/revisions"}],"predecessor-version":[{"id":44405,"href":"https:\/\/elamyssuomi.com\/en\/wp-json\/wp\/v2\/pages\/42801\/revisions\/44405"}],"wp:attachment":[{"href":"https:\/\/elamyssuomi.com\/en\/wp-json\/wp\/v2\/media?parent=42801"}],"curies":[{"name":"wp","href":"https:\/\/api.w.org\/{rel}","templated":true}]}}